{"id":217,"date":"2024-04-19T18:03:08","date_gmt":"2024-04-19T18:03:08","guid":{"rendered":"https:\/\/planiphare.fortedev.ca\/?page_id=217"},"modified":"2024-06-04T14:48:55","modified_gmt":"2024-06-04T14:48:55","slug":"assurances","status":"publish","type":"page","link":"https:\/\/planiphare.com\/index.php\/assurances\/","title":{"rendered":"Assurances"},"content":{"rendered":"\t\t<div data-elementor-type=\"wp-page\" data-elementor-id=\"217\" class=\"elementor elementor-217\" data-elementor-post-type=\"page\">\n\t\t\t\t<div class=\"elementor-element elementor-element-48e6083e e-con-full e-flex e-con e-parent\" data-id=\"48e6083e\" data-element_type=\"container\">\n\t\t\t\t<div class=\"elementor-element elementor-element-16ddcb74 elementor-widget elementor-widget-image\" data-id=\"16ddcb74\" data-element_type=\"widget\" data-widget_type=\"image.default\">\n\t\t\t\t<div class=\"elementor-widget-container\">\n\t\t\t<style>\/*! elementor - v3.21.0 - 08-05-2024 *\/\n.elementor-widget-image{text-align:center}.elementor-widget-image a{display:inline-block}.elementor-widget-image a img[src$=\".svg\"]{width:48px}.elementor-widget-image img{vertical-align:middle;display:inline-block}<\/style>\t\t\t\t\t\t\t\t\t\t<img fetchpriority=\"high\" decoding=\"async\" width=\"2000\" height=\"375\" src=\"https:\/\/planiphare.com\/wp-content\/uploads\/2024\/05\/assurances-plani-phae.jpg\" class=\"attachment-full size-full wp-image-587\" alt=\"\" srcset=\"https:\/\/planiphare.com\/wp-content\/uploads\/2024\/05\/assurances-plani-phae.jpg 2000w, https:\/\/planiphare.com\/wp-content\/uploads\/2024\/05\/assurances-plani-phae-300x56.jpg 300w, https:\/\/planiphare.com\/wp-content\/uploads\/2024\/05\/assurances-plani-phae-1024x192.jpg 1024w, https:\/\/planiphare.com\/wp-content\/uploads\/2024\/05\/assurances-plani-phae-768x144.jpg 768w, https:\/\/planiphare.com\/wp-content\/uploads\/2024\/05\/assurances-plani-phae-1536x288.jpg 1536w\" sizes=\"(max-width: 2000px) 100vw, 2000px\" \/>\t\t\t\t\t\t\t\t\t\t\t\t\t<\/div>\n\t\t\t\t<\/div>\n\t\t\t\t<\/div>\n\t\t<div class=\"elementor-element elementor-element-18815930 e-flex e-con-boxed e-con e-parent\" data-id=\"18815930\" data-element_type=\"container\">\n\t\t\t\t\t<div class=\"e-con-inner\">\n\t\t\t\t<div class=\"elementor-element elementor-element-4f380ce2 elementor-widget elementor-widget-heading\" data-id=\"4f380ce2\" data-element_type=\"widget\" data-widget_type=\"heading.default\">\n\t\t\t\t<div class=\"elementor-widget-container\">\n\t\t\t<style>\/*! elementor - v3.21.0 - 08-05-2024 *\/\n.elementor-heading-title{padding:0;margin:0;line-height:1}.elementor-widget-heading .elementor-heading-title[class*=elementor-size-]>a{color:inherit;font-size:inherit;line-height:inherit}.elementor-widget-heading .elementor-heading-title.elementor-size-small{font-size:15px}.elementor-widget-heading .elementor-heading-title.elementor-size-medium{font-size:19px}.elementor-widget-heading .elementor-heading-title.elementor-size-large{font-size:29px}.elementor-widget-heading .elementor-heading-title.elementor-size-xl{font-size:39px}.elementor-widget-heading .elementor-heading-title.elementor-size-xxl{font-size:59px}<\/style><h1 class=\"elementor-heading-title elementor-size-default\">Assurances<\/h1>\t\t<\/div>\n\t\t\t\t<\/div>\n\t\t\t\t<div class=\"elementor-element elementor-element-15047fc elementor-widget elementor-widget-text-editor\" data-id=\"15047fc\" data-element_type=\"widget\" data-widget_type=\"text-editor.default\">\n\t\t\t\t<div class=\"elementor-widget-container\">\n\t\t\t<style>\/*! elementor - v3.21.0 - 08-05-2024 *\/\n.elementor-widget-text-editor.elementor-drop-cap-view-stacked .elementor-drop-cap{background-color:#69727d;color:#fff}.elementor-widget-text-editor.elementor-drop-cap-view-framed .elementor-drop-cap{color:#69727d;border:3px solid;background-color:transparent}.elementor-widget-text-editor:not(.elementor-drop-cap-view-default) .elementor-drop-cap{margin-top:8px}.elementor-widget-text-editor:not(.elementor-drop-cap-view-default) .elementor-drop-cap-letter{width:1em;height:1em}.elementor-widget-text-editor .elementor-drop-cap{float:left;text-align:center;line-height:1;font-size:50px}.elementor-widget-text-editor .elementor-drop-cap-letter{display:inline-block}<\/style>\t\t\t\t<p>O\u00f9 sont nos besoins r\u00e9els, comment les couvrir sans se tromper dans le choix de nos assurances, \u00e9valuer le march\u00e9 pour ne pas payer trop cher. Il est important d&rsquo;\u00eatre bien guid\u00e9 en toute impartialit\u00e9.<\/p><p><strong>Le planificateur financier:<\/strong><\/p><ul><li><p>Participe \u00e0 la planification de l&rsquo;assurance du client et la coordonne<\/p><\/li><li><p>\u00c9value ses besoins d&rsquo;assurance<\/p><\/li><li><p>\u00c9value sa protection<\/p><\/li><li><p>\u00c9tablit des strat\u00e9gies d&rsquo;assurance visant \u00e0 concr\u00e9tiser ses objectifs<\/p><\/li><li><p>Suit l&rsquo;\u00e9volution de ses besoins d&rsquo;assurance<\/p><\/li><\/ul><p><strong>Formes d&rsquo;assurances que nous n\u00e9gocions:<\/strong><\/p><ul><li><p>Assurance vie<\/p><\/li><li><p>Assurance salaire<\/p><\/li><li><p>Assurance frais g\u00e9n\u00e9raux<\/p><\/li><li><p>Assurance maladie grave<\/p><\/li><li><p>Assurance voyage<\/p><\/li><\/ul>\t\t\t\t\t\t<\/div>\n\t\t\t\t<\/div>\n\t\t\t\t\t<\/div>\n\t\t\t\t<\/div>\n\t\t\t\t<\/div>\n\t\t","protected":false},"excerpt":{"rendered":"<p>Assurances O\u00f9 sont nos besoins r\u00e9els, comment les couvrir sans se tromper dans le choix de nos assurances, \u00e9valuer le march\u00e9 pour ne pas payer trop cher. Il est important d&rsquo;\u00eatre bien guid\u00e9 en toute impartialit\u00e9. Le planificateur financier: Participe \u00e0 la planification de l&rsquo;assurance du client et la coordonne \u00c9value ses besoins d&rsquo;assurance \u00c9value [&hellip;]<\/p>\n","protected":false},"author":1,"featured_media":0,"parent":0,"menu_order":0,"comment_status":"closed","ping_status":"closed","template":"","meta":{"footnotes":""},"yoast_head":"<!-- This site is optimized with the Yoast SEO plugin v22.8 - https:\/\/yoast.com\/wordpress\/plugins\/seo\/ -->\n<title>Assurances - Plani-Phare inc.<\/title>\n<meta name=\"description\" content=\"\u00c9valuer le march\u00e9 pour ne pas payer trop cher et couvrir nos besoins r\u00e9els sans se tromper dans le choix de nos assurances.\" \/>\n<meta name=\"robots\" content=\"index, follow, max-snippet:-1, max-image-preview:large, max-video-preview:-1\" \/>\n<link rel=\"canonical\" href=\"https:\/\/planiphare.com\/index.php\/assurances\/\" \/>\n<meta property=\"og:locale\" content=\"fr_FR\" \/>\n<meta property=\"og:type\" content=\"article\" \/>\n<meta property=\"og:title\" content=\"Assurances - Plani-Phare inc.\" \/>\n<meta property=\"og:description\" content=\"\u00c9valuer le march\u00e9 pour ne pas payer trop cher et couvrir nos besoins r\u00e9els sans se tromper dans le choix de nos assurances.\" \/>\n<meta property=\"og:url\" content=\"https:\/\/planiphare.com\/index.php\/assurances\/\" \/>\n<meta property=\"og:site_name\" content=\"Plani-Phare inc.\" \/>\n<meta property=\"article:modified_time\" content=\"2024-06-04T14:48:55+00:00\" \/>\n<meta property=\"og:image\" content=\"http:\/\/planiphare.fortedev.ca\/wp-content\/uploads\/2024\/05\/assurances-plani-phae.jpg\" \/>\n<meta name=\"twitter:card\" content=\"summary_large_image\" \/>\n<meta name=\"twitter:label1\" content=\"Dur\u00e9e de lecture estim\u00e9e\" \/>\n\t<meta name=\"twitter:data1\" content=\"1 minute\" \/>\n<script type=\"application\/ld+json\" class=\"yoast-schema-graph\">{\"@context\":\"https:\/\/schema.org\",\"@graph\":[{\"@type\":\"WebPage\",\"@id\":\"https:\/\/planiphare.com\/index.php\/assurances\/\",\"url\":\"https:\/\/planiphare.com\/index.php\/assurances\/\",\"name\":\"Assurances - Plani-Phare inc.\",\"isPartOf\":{\"@id\":\"https:\/\/planiphare.com\/#website\"},\"primaryImageOfPage\":{\"@id\":\"https:\/\/planiphare.com\/index.php\/assurances\/#primaryimage\"},\"image\":{\"@id\":\"https:\/\/planiphare.com\/index.php\/assurances\/#primaryimage\"},\"thumbnailUrl\":\"http:\/\/planiphare.fortedev.ca\/wp-content\/uploads\/2024\/05\/assurances-plani-phae.jpg\",\"datePublished\":\"2024-04-19T18:03:08+00:00\",\"dateModified\":\"2024-06-04T14:48:55+00:00\",\"description\":\"\u00c9valuer le march\u00e9 pour ne pas payer trop cher et couvrir nos besoins r\u00e9els sans se tromper dans le choix de nos assurances.\",\"breadcrumb\":{\"@id\":\"https:\/\/planiphare.com\/index.php\/assurances\/#breadcrumb\"},\"inLanguage\":\"fr-FR\",\"potentialAction\":[{\"@type\":\"ReadAction\",\"target\":[\"https:\/\/planiphare.com\/index.php\/assurances\/\"]}]},{\"@type\":\"ImageObject\",\"inLanguage\":\"fr-FR\",\"@id\":\"https:\/\/planiphare.com\/index.php\/assurances\/#primaryimage\",\"url\":\"http:\/\/planiphare.fortedev.ca\/wp-content\/uploads\/2024\/05\/assurances-plani-phae.jpg\",\"contentUrl\":\"http:\/\/planiphare.fortedev.ca\/wp-content\/uploads\/2024\/05\/assurances-plani-phae.jpg\"},{\"@type\":\"BreadcrumbList\",\"@id\":\"https:\/\/planiphare.com\/index.php\/assurances\/#breadcrumb\",\"itemListElement\":[{\"@type\":\"ListItem\",\"position\":1,\"name\":\"Accueil\",\"item\":\"https:\/\/planiphare.com\/\"},{\"@type\":\"ListItem\",\"position\":2,\"name\":\"Assurances\"}]},{\"@type\":\"WebSite\",\"@id\":\"https:\/\/planiphare.com\/#website\",\"url\":\"https:\/\/planiphare.com\/\",\"name\":\"Plani-Phare inc.\",\"description\":\"\",\"publisher\":{\"@id\":\"https:\/\/planiphare.com\/#organization\"},\"potentialAction\":[{\"@type\":\"SearchAction\",\"target\":{\"@type\":\"EntryPoint\",\"urlTemplate\":\"https:\/\/planiphare.com\/?s={search_term_string}\"},\"query-input\":\"required name=search_term_string\"}],\"inLanguage\":\"fr-FR\"},{\"@type\":\"Organization\",\"@id\":\"https:\/\/planiphare.com\/#organization\",\"name\":\"Plani-Phare inc.\",\"url\":\"https:\/\/planiphare.com\/\",\"logo\":{\"@type\":\"ImageObject\",\"inLanguage\":\"fr-FR\",\"@id\":\"https:\/\/planiphare.com\/#\/schema\/logo\/image\/\",\"url\":\"https:\/\/planiphare.com\/wp-content\/uploads\/2024\/04\/logo-plani-phare-new.png\",\"contentUrl\":\"https:\/\/planiphare.com\/wp-content\/uploads\/2024\/04\/logo-plani-phare-new.png\",\"width\":580,\"height\":151,\"caption\":\"Plani-Phare inc.\"},\"image\":{\"@id\":\"https:\/\/planiphare.com\/#\/schema\/logo\/image\/\"}}]}<\/script>\n<!-- \/ Yoast SEO plugin. -->","yoast_head_json":{"title":"Assurances - Plani-Phare inc.","description":"\u00c9valuer le march\u00e9 pour ne pas payer trop cher et couvrir nos besoins r\u00e9els sans se tromper dans le choix de nos assurances.","robots":{"index":"index","follow":"follow","max-snippet":"max-snippet:-1","max-image-preview":"max-image-preview:large","max-video-preview":"max-video-preview:-1"},"canonical":"https:\/\/planiphare.com\/index.php\/assurances\/","og_locale":"fr_FR","og_type":"article","og_title":"Assurances - Plani-Phare inc.","og_description":"\u00c9valuer le march\u00e9 pour ne pas payer trop cher et couvrir nos besoins r\u00e9els sans se tromper dans le choix de nos assurances.","og_url":"https:\/\/planiphare.com\/index.php\/assurances\/","og_site_name":"Plani-Phare inc.","article_modified_time":"2024-06-04T14:48:55+00:00","og_image":[{"url":"http:\/\/planiphare.fortedev.ca\/wp-content\/uploads\/2024\/05\/assurances-plani-phae.jpg"}],"twitter_card":"summary_large_image","twitter_misc":{"Dur\u00e9e de lecture estim\u00e9e":"1 minute"},"schema":{"@context":"https:\/\/schema.org","@graph":[{"@type":"WebPage","@id":"https:\/\/planiphare.com\/index.php\/assurances\/","url":"https:\/\/planiphare.com\/index.php\/assurances\/","name":"Assurances - Plani-Phare inc.","isPartOf":{"@id":"https:\/\/planiphare.com\/#website"},"primaryImageOfPage":{"@id":"https:\/\/planiphare.com\/index.php\/assurances\/#primaryimage"},"image":{"@id":"https:\/\/planiphare.com\/index.php\/assurances\/#primaryimage"},"thumbnailUrl":"http:\/\/planiphare.fortedev.ca\/wp-content\/uploads\/2024\/05\/assurances-plani-phae.jpg","datePublished":"2024-04-19T18:03:08+00:00","dateModified":"2024-06-04T14:48:55+00:00","description":"\u00c9valuer le march\u00e9 pour ne pas payer trop cher et couvrir nos besoins r\u00e9els sans se tromper dans le choix de nos assurances.","breadcrumb":{"@id":"https:\/\/planiphare.com\/index.php\/assurances\/#breadcrumb"},"inLanguage":"fr-FR","potentialAction":[{"@type":"ReadAction","target":["https:\/\/planiphare.com\/index.php\/assurances\/"]}]},{"@type":"ImageObject","inLanguage":"fr-FR","@id":"https:\/\/planiphare.com\/index.php\/assurances\/#primaryimage","url":"http:\/\/planiphare.fortedev.ca\/wp-content\/uploads\/2024\/05\/assurances-plani-phae.jpg","contentUrl":"http:\/\/planiphare.fortedev.ca\/wp-content\/uploads\/2024\/05\/assurances-plani-phae.jpg"},{"@type":"BreadcrumbList","@id":"https:\/\/planiphare.com\/index.php\/assurances\/#breadcrumb","itemListElement":[{"@type":"ListItem","position":1,"name":"Accueil","item":"https:\/\/planiphare.com\/"},{"@type":"ListItem","position":2,"name":"Assurances"}]},{"@type":"WebSite","@id":"https:\/\/planiphare.com\/#website","url":"https:\/\/planiphare.com\/","name":"Plani-Phare inc.","description":"","publisher":{"@id":"https:\/\/planiphare.com\/#organization"},"potentialAction":[{"@type":"SearchAction","target":{"@type":"EntryPoint","urlTemplate":"https:\/\/planiphare.com\/?s={search_term_string}"},"query-input":"required name=search_term_string"}],"inLanguage":"fr-FR"},{"@type":"Organization","@id":"https:\/\/planiphare.com\/#organization","name":"Plani-Phare inc.","url":"https:\/\/planiphare.com\/","logo":{"@type":"ImageObject","inLanguage":"fr-FR","@id":"https:\/\/planiphare.com\/#\/schema\/logo\/image\/","url":"https:\/\/planiphare.com\/wp-content\/uploads\/2024\/04\/logo-plani-phare-new.png","contentUrl":"https:\/\/planiphare.com\/wp-content\/uploads\/2024\/04\/logo-plani-phare-new.png","width":580,"height":151,"caption":"Plani-Phare inc."},"image":{"@id":"https:\/\/planiphare.com\/#\/schema\/logo\/image\/"}}]}},"_links":{"self":[{"href":"https:\/\/planiphare.com\/index.php\/wp-json\/wp\/v2\/pages\/217"}],"collection":[{"href":"https:\/\/planiphare.com\/index.php\/wp-json\/wp\/v2\/pages"}],"about":[{"href":"https:\/\/planiphare.com\/index.php\/wp-json\/wp\/v2\/types\/page"}],"author":[{"embeddable":true,"href":"https:\/\/planiphare.com\/index.php\/wp-json\/wp\/v2\/users\/1"}],"replies":[{"embeddable":true,"href":"https:\/\/planiphare.com\/index.php\/wp-json\/wp\/v2\/comments?post=217"}],"version-history":[{"count":31,"href":"https:\/\/planiphare.com\/index.php\/wp-json\/wp\/v2\/pages\/217\/revisions"}],"predecessor-version":[{"id":614,"href":"https:\/\/planiphare.com\/index.php\/wp-json\/wp\/v2\/pages\/217\/revisions\/614"}],"wp:attachment":[{"href":"https:\/\/planiphare.com\/index.php\/wp-json\/wp\/v2\/media?parent=217"}],"curies":[{"name":"wp","href":"https:\/\/api.w.org\/{rel}","templated":true}]}}