{"id":211,"date":"2024-04-19T18:02:24","date_gmt":"2024-04-19T18:02:24","guid":{"rendered":"https:\/\/planiphare.fortedev.ca\/?page_id=211"},"modified":"2024-06-04T14:51:10","modified_gmt":"2024-06-04T14:51:10","slug":"credit","status":"publish","type":"page","link":"https:\/\/planiphare.com\/index.php\/credit\/","title":{"rendered":"Cr\u00e9dit"},"content":{"rendered":"\t\t<div data-elementor-type=\"wp-page\" data-elementor-id=\"211\" class=\"elementor elementor-211\" data-elementor-post-type=\"page\">\n\t\t\t\t<div class=\"elementor-element elementor-element-39d492ab e-con-full e-flex e-con e-parent\" data-id=\"39d492ab\" data-element_type=\"container\">\n\t\t\t\t<div class=\"elementor-element elementor-element-32e4f90b elementor-widget elementor-widget-image\" data-id=\"32e4f90b\" data-element_type=\"widget\" data-widget_type=\"image.default\">\n\t\t\t\t<div class=\"elementor-widget-container\">\n\t\t\t<style>\/*! elementor - v3.21.0 - 08-05-2024 *\/\n.elementor-widget-image{text-align:center}.elementor-widget-image a{display:inline-block}.elementor-widget-image a img[src$=\".svg\"]{width:48px}.elementor-widget-image img{vertical-align:middle;display:inline-block}<\/style>\t\t\t\t\t\t\t\t\t\t<img fetchpriority=\"high\" decoding=\"async\" width=\"2000\" height=\"375\" src=\"https:\/\/planiphare.com\/wp-content\/uploads\/2024\/04\/credit-plani-phare.jpg\" class=\"attachment-full size-full wp-image-378\" alt=\"\" srcset=\"https:\/\/planiphare.com\/wp-content\/uploads\/2024\/04\/credit-plani-phare.jpg 2000w, https:\/\/planiphare.com\/wp-content\/uploads\/2024\/04\/credit-plani-phare-300x56.jpg 300w, https:\/\/planiphare.com\/wp-content\/uploads\/2024\/04\/credit-plani-phare-1024x192.jpg 1024w, https:\/\/planiphare.com\/wp-content\/uploads\/2024\/04\/credit-plani-phare-768x144.jpg 768w, https:\/\/planiphare.com\/wp-content\/uploads\/2024\/04\/credit-plani-phare-1536x288.jpg 1536w\" sizes=\"(max-width: 2000px) 100vw, 2000px\" \/>\t\t\t\t\t\t\t\t\t\t\t\t\t<\/div>\n\t\t\t\t<\/div>\n\t\t\t\t<\/div>\n\t\t<div class=\"elementor-element elementor-element-5fcc8dd6 e-flex e-con-boxed e-con e-parent\" data-id=\"5fcc8dd6\" data-element_type=\"container\">\n\t\t\t\t\t<div class=\"e-con-inner\">\n\t\t\t\t<div class=\"elementor-element elementor-element-24f72013 elementor-widget elementor-widget-heading\" data-id=\"24f72013\" data-element_type=\"widget\" data-widget_type=\"heading.default\">\n\t\t\t\t<div class=\"elementor-widget-container\">\n\t\t\t<style>\/*! elementor - v3.21.0 - 08-05-2024 *\/\n.elementor-heading-title{padding:0;margin:0;line-height:1}.elementor-widget-heading .elementor-heading-title[class*=elementor-size-]>a{color:inherit;font-size:inherit;line-height:inherit}.elementor-widget-heading .elementor-heading-title.elementor-size-small{font-size:15px}.elementor-widget-heading .elementor-heading-title.elementor-size-medium{font-size:19px}.elementor-widget-heading .elementor-heading-title.elementor-size-large{font-size:29px}.elementor-widget-heading .elementor-heading-title.elementor-size-xl{font-size:39px}.elementor-widget-heading .elementor-heading-title.elementor-size-xxl{font-size:59px}<\/style><h1 class=\"elementor-heading-title elementor-size-default\">Cr\u00e9dit<\/h1>\t\t<\/div>\n\t\t\t\t<\/div>\n\t\t\t\t<div class=\"elementor-element elementor-element-3c55ec66 elementor-widget elementor-widget-text-editor\" data-id=\"3c55ec66\" data-element_type=\"widget\" data-widget_type=\"text-editor.default\">\n\t\t\t\t<div class=\"elementor-widget-container\">\n\t\t\t<style>\/*! elementor - v3.21.0 - 08-05-2024 *\/\n.elementor-widget-text-editor.elementor-drop-cap-view-stacked .elementor-drop-cap{background-color:#69727d;color:#fff}.elementor-widget-text-editor.elementor-drop-cap-view-framed .elementor-drop-cap{color:#69727d;border:3px solid;background-color:transparent}.elementor-widget-text-editor:not(.elementor-drop-cap-view-default) .elementor-drop-cap{margin-top:8px}.elementor-widget-text-editor:not(.elementor-drop-cap-view-default) .elementor-drop-cap-letter{width:1em;height:1em}.elementor-widget-text-editor .elementor-drop-cap{float:left;text-align:center;line-height:1;font-size:50px}.elementor-widget-text-editor .elementor-drop-cap-letter{display:inline-block}<\/style>\t\t\t\t<p>Nos besoins de cr\u00e9dit sont le reflet de nos objectifs de vie. Ceux-ci doivent correspondre \u00e9galement \u00e0 notre capacit\u00e9 budg\u00e9taire et non pas seulement \u00e0 nos ratios d&rsquo;endettement. Plani-Phare fait ce lien important dans un premier temps, pour ensuite v\u00e9rifier les possibilit\u00e9s de cr\u00e9dit ainsi que les taux d&rsquo;int\u00e9r\u00eat des diff\u00e9rentes institutions financi\u00e8res.<\/p><p><strong>Plani-Phare, par l&rsquo;entremise de Pierre-Jacques Gauthier et Anne-Marie Gauthier, n\u00e9gocie les diff\u00e9rents besoins de cr\u00e9dit suivants:<\/strong><\/p><ul><li><p>Cr\u00e9dit hypoth\u00e9caire<\/p><\/li><li><p>Marge de cr\u00e9dit hypoth\u00e9caire<\/p><\/li><li><p>Marge de cr\u00e9dit personnelle<\/p><\/li><li><p>Pr\u00eat automobile<\/p><\/li><li><p>Pr\u00eat personnel<\/p><\/li><\/ul>\t\t\t\t\t\t<\/div>\n\t\t\t\t<\/div>\n\t\t\t\t\t<\/div>\n\t\t\t\t<\/div>\n\t\t\t\t<\/div>\n\t\t","protected":false},"excerpt":{"rendered":"<p>Cr\u00e9dit Nos besoins de cr\u00e9dit sont le reflet de nos objectifs de vie. Ceux-ci doivent correspondre \u00e9galement \u00e0 notre capacit\u00e9 budg\u00e9taire et non pas seulement \u00e0 nos ratios d&rsquo;endettement. Plani-Phare fait ce lien important dans un premier temps, pour ensuite v\u00e9rifier les possibilit\u00e9s de cr\u00e9dit ainsi que les taux d&rsquo;int\u00e9r\u00eat des diff\u00e9rentes institutions financi\u00e8res. Plani-Phare, [&hellip;]<\/p>\n","protected":false},"author":1,"featured_media":0,"parent":0,"menu_order":0,"comment_status":"closed","ping_status":"closed","template":"","meta":{"footnotes":""},"yoast_head":"<!-- This site is optimized with the Yoast SEO plugin v22.8 - https:\/\/yoast.com\/wordpress\/plugins\/seo\/ -->\n<title>Cr\u00e9dit - Plani-Phare inc.<\/title>\n<meta name=\"description\" content=\"Nos besoins de cr\u00e9dit refletent de nos objectifs. Ils doivent correspondre \u00e0 notre capacit\u00e9 et non seulement aux ratios d\u2019endettement.\" \/>\n<meta name=\"robots\" content=\"index, follow, max-snippet:-1, max-image-preview:large, max-video-preview:-1\" \/>\n<link rel=\"canonical\" href=\"https:\/\/planiphare.com\/index.php\/credit\/\" \/>\n<meta property=\"og:locale\" content=\"fr_FR\" \/>\n<meta property=\"og:type\" content=\"article\" \/>\n<meta property=\"og:title\" content=\"Cr\u00e9dit - Plani-Phare inc.\" \/>\n<meta property=\"og:description\" content=\"Nos besoins de cr\u00e9dit refletent de nos objectifs. Ils doivent correspondre \u00e0 notre capacit\u00e9 et non seulement aux ratios d\u2019endettement.\" \/>\n<meta property=\"og:url\" content=\"https:\/\/planiphare.com\/index.php\/credit\/\" \/>\n<meta property=\"og:site_name\" content=\"Plani-Phare inc.\" \/>\n<meta property=\"article:modified_time\" content=\"2024-06-04T14:51:10+00:00\" \/>\n<meta property=\"og:image\" content=\"http:\/\/planiphare.fortedev.ca\/wp-content\/uploads\/2024\/04\/credit-plani-phare.jpg\" \/>\n<meta name=\"twitter:card\" content=\"summary_large_image\" \/>\n<meta name=\"twitter:label1\" content=\"Dur\u00e9e de lecture estim\u00e9e\" \/>\n\t<meta name=\"twitter:data1\" content=\"1 minute\" \/>\n<script type=\"application\/ld+json\" class=\"yoast-schema-graph\">{\"@context\":\"https:\/\/schema.org\",\"@graph\":[{\"@type\":\"WebPage\",\"@id\":\"https:\/\/planiphare.com\/index.php\/credit\/\",\"url\":\"https:\/\/planiphare.com\/index.php\/credit\/\",\"name\":\"Cr\u00e9dit - Plani-Phare inc.\",\"isPartOf\":{\"@id\":\"https:\/\/planiphare.com\/#website\"},\"primaryImageOfPage\":{\"@id\":\"https:\/\/planiphare.com\/index.php\/credit\/#primaryimage\"},\"image\":{\"@id\":\"https:\/\/planiphare.com\/index.php\/credit\/#primaryimage\"},\"thumbnailUrl\":\"http:\/\/planiphare.fortedev.ca\/wp-content\/uploads\/2024\/04\/credit-plani-phare.jpg\",\"datePublished\":\"2024-04-19T18:02:24+00:00\",\"dateModified\":\"2024-06-04T14:51:10+00:00\",\"description\":\"Nos besoins de cr\u00e9dit refletent de nos objectifs. Ils doivent correspondre \u00e0 notre capacit\u00e9 et non seulement aux ratios d\u2019endettement.\",\"breadcrumb\":{\"@id\":\"https:\/\/planiphare.com\/index.php\/credit\/#breadcrumb\"},\"inLanguage\":\"fr-FR\",\"potentialAction\":[{\"@type\":\"ReadAction\",\"target\":[\"https:\/\/planiphare.com\/index.php\/credit\/\"]}]},{\"@type\":\"ImageObject\",\"inLanguage\":\"fr-FR\",\"@id\":\"https:\/\/planiphare.com\/index.php\/credit\/#primaryimage\",\"url\":\"http:\/\/planiphare.fortedev.ca\/wp-content\/uploads\/2024\/04\/credit-plani-phare.jpg\",\"contentUrl\":\"http:\/\/planiphare.fortedev.ca\/wp-content\/uploads\/2024\/04\/credit-plani-phare.jpg\"},{\"@type\":\"BreadcrumbList\",\"@id\":\"https:\/\/planiphare.com\/index.php\/credit\/#breadcrumb\",\"itemListElement\":[{\"@type\":\"ListItem\",\"position\":1,\"name\":\"Accueil\",\"item\":\"https:\/\/planiphare.com\/\"},{\"@type\":\"ListItem\",\"position\":2,\"name\":\"Cr\u00e9dit\"}]},{\"@type\":\"WebSite\",\"@id\":\"https:\/\/planiphare.com\/#website\",\"url\":\"https:\/\/planiphare.com\/\",\"name\":\"Plani-Phare inc.\",\"description\":\"\",\"publisher\":{\"@id\":\"https:\/\/planiphare.com\/#organization\"},\"potentialAction\":[{\"@type\":\"SearchAction\",\"target\":{\"@type\":\"EntryPoint\",\"urlTemplate\":\"https:\/\/planiphare.com\/?s={search_term_string}\"},\"query-input\":\"required name=search_term_string\"}],\"inLanguage\":\"fr-FR\"},{\"@type\":\"Organization\",\"@id\":\"https:\/\/planiphare.com\/#organization\",\"name\":\"Plani-Phare inc.\",\"url\":\"https:\/\/planiphare.com\/\",\"logo\":{\"@type\":\"ImageObject\",\"inLanguage\":\"fr-FR\",\"@id\":\"https:\/\/planiphare.com\/#\/schema\/logo\/image\/\",\"url\":\"https:\/\/planiphare.com\/wp-content\/uploads\/2024\/04\/logo-plani-phare-new.png\",\"contentUrl\":\"https:\/\/planiphare.com\/wp-content\/uploads\/2024\/04\/logo-plani-phare-new.png\",\"width\":580,\"height\":151,\"caption\":\"Plani-Phare inc.\"},\"image\":{\"@id\":\"https:\/\/planiphare.com\/#\/schema\/logo\/image\/\"}}]}<\/script>\n<!-- \/ Yoast SEO plugin. -->","yoast_head_json":{"title":"Cr\u00e9dit - Plani-Phare inc.","description":"Nos besoins de cr\u00e9dit refletent de nos objectifs. Ils doivent correspondre \u00e0 notre capacit\u00e9 et non seulement aux ratios d\u2019endettement.","robots":{"index":"index","follow":"follow","max-snippet":"max-snippet:-1","max-image-preview":"max-image-preview:large","max-video-preview":"max-video-preview:-1"},"canonical":"https:\/\/planiphare.com\/index.php\/credit\/","og_locale":"fr_FR","og_type":"article","og_title":"Cr\u00e9dit - Plani-Phare inc.","og_description":"Nos besoins de cr\u00e9dit refletent de nos objectifs. Ils doivent correspondre \u00e0 notre capacit\u00e9 et non seulement aux ratios d\u2019endettement.","og_url":"https:\/\/planiphare.com\/index.php\/credit\/","og_site_name":"Plani-Phare inc.","article_modified_time":"2024-06-04T14:51:10+00:00","og_image":[{"url":"http:\/\/planiphare.fortedev.ca\/wp-content\/uploads\/2024\/04\/credit-plani-phare.jpg"}],"twitter_card":"summary_large_image","twitter_misc":{"Dur\u00e9e de lecture estim\u00e9e":"1 minute"},"schema":{"@context":"https:\/\/schema.org","@graph":[{"@type":"WebPage","@id":"https:\/\/planiphare.com\/index.php\/credit\/","url":"https:\/\/planiphare.com\/index.php\/credit\/","name":"Cr\u00e9dit - Plani-Phare inc.","isPartOf":{"@id":"https:\/\/planiphare.com\/#website"},"primaryImageOfPage":{"@id":"https:\/\/planiphare.com\/index.php\/credit\/#primaryimage"},"image":{"@id":"https:\/\/planiphare.com\/index.php\/credit\/#primaryimage"},"thumbnailUrl":"http:\/\/planiphare.fortedev.ca\/wp-content\/uploads\/2024\/04\/credit-plani-phare.jpg","datePublished":"2024-04-19T18:02:24+00:00","dateModified":"2024-06-04T14:51:10+00:00","description":"Nos besoins de cr\u00e9dit refletent de nos objectifs. Ils doivent correspondre \u00e0 notre capacit\u00e9 et non seulement aux ratios d\u2019endettement.","breadcrumb":{"@id":"https:\/\/planiphare.com\/index.php\/credit\/#breadcrumb"},"inLanguage":"fr-FR","potentialAction":[{"@type":"ReadAction","target":["https:\/\/planiphare.com\/index.php\/credit\/"]}]},{"@type":"ImageObject","inLanguage":"fr-FR","@id":"https:\/\/planiphare.com\/index.php\/credit\/#primaryimage","url":"http:\/\/planiphare.fortedev.ca\/wp-content\/uploads\/2024\/04\/credit-plani-phare.jpg","contentUrl":"http:\/\/planiphare.fortedev.ca\/wp-content\/uploads\/2024\/04\/credit-plani-phare.jpg"},{"@type":"BreadcrumbList","@id":"https:\/\/planiphare.com\/index.php\/credit\/#breadcrumb","itemListElement":[{"@type":"ListItem","position":1,"name":"Accueil","item":"https:\/\/planiphare.com\/"},{"@type":"ListItem","position":2,"name":"Cr\u00e9dit"}]},{"@type":"WebSite","@id":"https:\/\/planiphare.com\/#website","url":"https:\/\/planiphare.com\/","name":"Plani-Phare inc.","description":"","publisher":{"@id":"https:\/\/planiphare.com\/#organization"},"potentialAction":[{"@type":"SearchAction","target":{"@type":"EntryPoint","urlTemplate":"https:\/\/planiphare.com\/?s={search_term_string}"},"query-input":"required name=search_term_string"}],"inLanguage":"fr-FR"},{"@type":"Organization","@id":"https:\/\/planiphare.com\/#organization","name":"Plani-Phare inc.","url":"https:\/\/planiphare.com\/","logo":{"@type":"ImageObject","inLanguage":"fr-FR","@id":"https:\/\/planiphare.com\/#\/schema\/logo\/image\/","url":"https:\/\/planiphare.com\/wp-content\/uploads\/2024\/04\/logo-plani-phare-new.png","contentUrl":"https:\/\/planiphare.com\/wp-content\/uploads\/2024\/04\/logo-plani-phare-new.png","width":580,"height":151,"caption":"Plani-Phare inc."},"image":{"@id":"https:\/\/planiphare.com\/#\/schema\/logo\/image\/"}}]}},"_links":{"self":[{"href":"https:\/\/planiphare.com\/index.php\/wp-json\/wp\/v2\/pages\/211"}],"collection":[{"href":"https:\/\/planiphare.com\/index.php\/wp-json\/wp\/v2\/pages"}],"about":[{"href":"https:\/\/planiphare.com\/index.php\/wp-json\/wp\/v2\/types\/page"}],"author":[{"embeddable":true,"href":"https:\/\/planiphare.com\/index.php\/wp-json\/wp\/v2\/users\/1"}],"replies":[{"embeddable":true,"href":"https:\/\/planiphare.com\/index.php\/wp-json\/wp\/v2\/comments?post=211"}],"version-history":[{"count":16,"href":"https:\/\/planiphare.com\/index.php\/wp-json\/wp\/v2\/pages\/211\/revisions"}],"predecessor-version":[{"id":541,"href":"https:\/\/planiphare.com\/index.php\/wp-json\/wp\/v2\/pages\/211\/revisions\/541"}],"wp:attachment":[{"href":"https:\/\/planiphare.com\/index.php\/wp-json\/wp\/v2\/media?parent=211"}],"curies":[{"name":"wp","href":"https:\/\/api.w.org\/{rel}","templated":true}]}}