{"id":205,"date":"2024-04-19T18:01:24","date_gmt":"2024-04-19T18:01:24","guid":{"rendered":"https:\/\/planiphare.fortedev.ca\/?page_id=205"},"modified":"2024-06-04T14:55:46","modified_gmt":"2024-06-04T14:55:46","slug":"placements","status":"publish","type":"page","link":"https:\/\/planiphare.com\/index.php\/placements\/","title":{"rendered":"Placements"},"content":{"rendered":"\t\t<div data-elementor-type=\"wp-page\" data-elementor-id=\"205\" class=\"elementor elementor-205\" data-elementor-post-type=\"page\">\n\t\t\t\t<div class=\"elementor-element elementor-element-4296594a e-con-full e-flex e-con e-parent\" data-id=\"4296594a\" data-element_type=\"container\">\n\t\t\t\t<div class=\"elementor-element elementor-element-2ecf6dbe elementor-widget elementor-widget-image\" data-id=\"2ecf6dbe\" data-element_type=\"widget\" data-widget_type=\"image.default\">\n\t\t\t\t<div class=\"elementor-widget-container\">\n\t\t\t<style>\/*! elementor - v3.21.0 - 08-05-2024 *\/\n.elementor-widget-image{text-align:center}.elementor-widget-image a{display:inline-block}.elementor-widget-image a img[src$=\".svg\"]{width:48px}.elementor-widget-image img{vertical-align:middle;display:inline-block}<\/style>\t\t\t\t\t\t\t\t\t\t<img fetchpriority=\"high\" decoding=\"async\" width=\"2000\" height=\"375\" src=\"https:\/\/planiphare.com\/wp-content\/uploads\/2024\/04\/placements.jpg\" class=\"attachment-full size-full wp-image-392\" alt=\"\" srcset=\"https:\/\/planiphare.com\/wp-content\/uploads\/2024\/04\/placements.jpg 2000w, https:\/\/planiphare.com\/wp-content\/uploads\/2024\/04\/placements-300x56.jpg 300w, https:\/\/planiphare.com\/wp-content\/uploads\/2024\/04\/placements-1024x192.jpg 1024w, https:\/\/planiphare.com\/wp-content\/uploads\/2024\/04\/placements-768x144.jpg 768w, https:\/\/planiphare.com\/wp-content\/uploads\/2024\/04\/placements-1536x288.jpg 1536w\" sizes=\"(max-width: 2000px) 100vw, 2000px\" \/>\t\t\t\t\t\t\t\t\t\t\t\t\t<\/div>\n\t\t\t\t<\/div>\n\t\t\t\t<\/div>\n\t\t<div class=\"elementor-element elementor-element-42fb47bd e-flex e-con-boxed e-con e-parent\" data-id=\"42fb47bd\" data-element_type=\"container\">\n\t\t\t\t\t<div class=\"e-con-inner\">\n\t\t\t\t<div class=\"elementor-element elementor-element-5aec2ca6 elementor-widget elementor-widget-heading\" data-id=\"5aec2ca6\" data-element_type=\"widget\" data-widget_type=\"heading.default\">\n\t\t\t\t<div class=\"elementor-widget-container\">\n\t\t\t<style>\/*! elementor - v3.21.0 - 08-05-2024 *\/\n.elementor-heading-title{padding:0;margin:0;line-height:1}.elementor-widget-heading .elementor-heading-title[class*=elementor-size-]>a{color:inherit;font-size:inherit;line-height:inherit}.elementor-widget-heading .elementor-heading-title.elementor-size-small{font-size:15px}.elementor-widget-heading .elementor-heading-title.elementor-size-medium{font-size:19px}.elementor-widget-heading .elementor-heading-title.elementor-size-large{font-size:29px}.elementor-widget-heading .elementor-heading-title.elementor-size-xl{font-size:39px}.elementor-widget-heading .elementor-heading-title.elementor-size-xxl{font-size:59px}<\/style><h1 class=\"elementor-heading-title elementor-size-default\">Placements<\/h1>\t\t<\/div>\n\t\t\t\t<\/div>\n\t\t\t\t<div class=\"elementor-element elementor-element-4944dde2 elementor-widget elementor-widget-text-editor\" data-id=\"4944dde2\" data-element_type=\"widget\" data-widget_type=\"text-editor.default\">\n\t\t\t\t<div class=\"elementor-widget-container\">\n\t\t\t<style>\/*! elementor - v3.21.0 - 08-05-2024 *\/\n.elementor-widget-text-editor.elementor-drop-cap-view-stacked .elementor-drop-cap{background-color:#69727d;color:#fff}.elementor-widget-text-editor.elementor-drop-cap-view-framed .elementor-drop-cap{color:#69727d;border:3px solid;background-color:transparent}.elementor-widget-text-editor:not(.elementor-drop-cap-view-default) .elementor-drop-cap{margin-top:8px}.elementor-widget-text-editor:not(.elementor-drop-cap-view-default) .elementor-drop-cap-letter{width:1em;height:1em}.elementor-widget-text-editor .elementor-drop-cap{float:left;text-align:center;line-height:1;font-size:50px}.elementor-widget-text-editor .elementor-drop-cap-letter{display:inline-block}<\/style>\t\t\t\t<p>Les placements doivent repr\u00e9senter nos objectifs \u00e0 r\u00e9aliser \u00e0 court, moyen et long termes sans oublier le r\u00f4le important que joue notre personnalit\u00e9 dans leur composition. De plus, l&rsquo;aspect fiscal est une composante importante du rendement de nos placements, ainsi notre strat\u00e9gie d&rsquo;investissement doit en tenir compte.<\/p><p><strong>Le planificateur financier:<\/strong><\/p><ul><li><p>\u00c9tablit les objectifs du client<\/p><\/li><li><p>D\u00e9finit le profil de risque du client<\/p><\/li><li><p>\u00c9value le march\u00e9 et ses opportunit\u00e9s (\u00e9conomie, taux d&rsquo;int\u00e9r\u00eat, produits, &#8230;)<\/p><\/li><li><p>V\u00e9rifie les abris fiscaux disponibles en accord avec les objectifs<\/p><\/li><li><p>D\u00e9termine un plan d&rsquo;action d&rsquo;\u00e9pargne, de consolidation et d&rsquo;atteinte des objectifs<\/p><\/li><li><p>Fait un suivi p\u00e9riodique du rendement via l&rsquo;atteinte des objectifs et la conjoncture \u00e9conomique pouvant influencer les r\u00e9sultats<\/p><\/li><\/ul>\t\t\t\t\t\t<\/div>\n\t\t\t\t<\/div>\n\t\t\t\t\t<\/div>\n\t\t\t\t<\/div>\n\t\t\t\t<\/div>\n\t\t","protected":false},"excerpt":{"rendered":"<p>Placements Les placements doivent repr\u00e9senter nos objectifs \u00e0 r\u00e9aliser \u00e0 court, moyen et long termes sans oublier le r\u00f4le important que joue notre personnalit\u00e9 dans leur composition. De plus, l&rsquo;aspect fiscal est une composante importante du rendement de nos placements, ainsi notre strat\u00e9gie d&rsquo;investissement doit en tenir compte. Le planificateur financier: \u00c9tablit les objectifs du [&hellip;]<\/p>\n","protected":false},"author":1,"featured_media":0,"parent":0,"menu_order":0,"comment_status":"closed","ping_status":"closed","template":"","meta":{"footnotes":""},"yoast_head":"<!-- This site is optimized with the Yoast SEO plugin v22.8 - https:\/\/yoast.com\/wordpress\/plugins\/seo\/ -->\n<title>Placements - Plani-Phare inc.<\/title>\n<meta name=\"description\" content=\"L\u2019aspect fiscal est une composante importante du rendement de nos placements, ainsi notre strat\u00e9gie d\u2019investissement doit en tenir compte.\" \/>\n<meta name=\"robots\" content=\"index, follow, max-snippet:-1, max-image-preview:large, max-video-preview:-1\" \/>\n<link rel=\"canonical\" href=\"https:\/\/planiphare.com\/index.php\/placements\/\" \/>\n<meta property=\"og:locale\" content=\"fr_FR\" \/>\n<meta property=\"og:type\" content=\"article\" \/>\n<meta property=\"og:title\" content=\"Placements - Plani-Phare inc.\" \/>\n<meta property=\"og:description\" content=\"L\u2019aspect fiscal est une composante importante du rendement de nos placements, ainsi notre strat\u00e9gie d\u2019investissement doit en tenir compte.\" \/>\n<meta property=\"og:url\" content=\"https:\/\/planiphare.com\/index.php\/placements\/\" \/>\n<meta property=\"og:site_name\" content=\"Plani-Phare inc.\" \/>\n<meta property=\"article:modified_time\" content=\"2024-06-04T14:55:46+00:00\" \/>\n<meta property=\"og:image\" content=\"http:\/\/planiphare.fortedev.ca\/wp-content\/uploads\/2024\/04\/placements.jpg\" \/>\n<meta name=\"twitter:card\" content=\"summary_large_image\" \/>\n<meta name=\"twitter:label1\" content=\"Dur\u00e9e de lecture estim\u00e9e\" \/>\n\t<meta name=\"twitter:data1\" content=\"1 minute\" \/>\n<script type=\"application\/ld+json\" class=\"yoast-schema-graph\">{\"@context\":\"https:\/\/schema.org\",\"@graph\":[{\"@type\":\"WebPage\",\"@id\":\"https:\/\/planiphare.com\/index.php\/placements\/\",\"url\":\"https:\/\/planiphare.com\/index.php\/placements\/\",\"name\":\"Placements - Plani-Phare inc.\",\"isPartOf\":{\"@id\":\"https:\/\/planiphare.com\/#website\"},\"primaryImageOfPage\":{\"@id\":\"https:\/\/planiphare.com\/index.php\/placements\/#primaryimage\"},\"image\":{\"@id\":\"https:\/\/planiphare.com\/index.php\/placements\/#primaryimage\"},\"thumbnailUrl\":\"http:\/\/planiphare.fortedev.ca\/wp-content\/uploads\/2024\/04\/placements.jpg\",\"datePublished\":\"2024-04-19T18:01:24+00:00\",\"dateModified\":\"2024-06-04T14:55:46+00:00\",\"description\":\"L\u2019aspect fiscal est une composante importante du rendement de nos placements, ainsi notre strat\u00e9gie d\u2019investissement doit en tenir compte.\",\"breadcrumb\":{\"@id\":\"https:\/\/planiphare.com\/index.php\/placements\/#breadcrumb\"},\"inLanguage\":\"fr-FR\",\"potentialAction\":[{\"@type\":\"ReadAction\",\"target\":[\"https:\/\/planiphare.com\/index.php\/placements\/\"]}]},{\"@type\":\"ImageObject\",\"inLanguage\":\"fr-FR\",\"@id\":\"https:\/\/planiphare.com\/index.php\/placements\/#primaryimage\",\"url\":\"http:\/\/planiphare.fortedev.ca\/wp-content\/uploads\/2024\/04\/placements.jpg\",\"contentUrl\":\"http:\/\/planiphare.fortedev.ca\/wp-content\/uploads\/2024\/04\/placements.jpg\"},{\"@type\":\"BreadcrumbList\",\"@id\":\"https:\/\/planiphare.com\/index.php\/placements\/#breadcrumb\",\"itemListElement\":[{\"@type\":\"ListItem\",\"position\":1,\"name\":\"Accueil\",\"item\":\"https:\/\/planiphare.com\/\"},{\"@type\":\"ListItem\",\"position\":2,\"name\":\"Placements\"}]},{\"@type\":\"WebSite\",\"@id\":\"https:\/\/planiphare.com\/#website\",\"url\":\"https:\/\/planiphare.com\/\",\"name\":\"Plani-Phare inc.\",\"description\":\"\",\"publisher\":{\"@id\":\"https:\/\/planiphare.com\/#organization\"},\"potentialAction\":[{\"@type\":\"SearchAction\",\"target\":{\"@type\":\"EntryPoint\",\"urlTemplate\":\"https:\/\/planiphare.com\/?s={search_term_string}\"},\"query-input\":\"required name=search_term_string\"}],\"inLanguage\":\"fr-FR\"},{\"@type\":\"Organization\",\"@id\":\"https:\/\/planiphare.com\/#organization\",\"name\":\"Plani-Phare inc.\",\"url\":\"https:\/\/planiphare.com\/\",\"logo\":{\"@type\":\"ImageObject\",\"inLanguage\":\"fr-FR\",\"@id\":\"https:\/\/planiphare.com\/#\/schema\/logo\/image\/\",\"url\":\"https:\/\/planiphare.com\/wp-content\/uploads\/2024\/04\/logo-plani-phare-new.png\",\"contentUrl\":\"https:\/\/planiphare.com\/wp-content\/uploads\/2024\/04\/logo-plani-phare-new.png\",\"width\":580,\"height\":151,\"caption\":\"Plani-Phare inc.\"},\"image\":{\"@id\":\"https:\/\/planiphare.com\/#\/schema\/logo\/image\/\"}}]}<\/script>\n<!-- \/ Yoast SEO plugin. -->","yoast_head_json":{"title":"Placements - Plani-Phare inc.","description":"L\u2019aspect fiscal est une composante importante du rendement de nos placements, ainsi notre strat\u00e9gie d\u2019investissement doit en tenir compte.","robots":{"index":"index","follow":"follow","max-snippet":"max-snippet:-1","max-image-preview":"max-image-preview:large","max-video-preview":"max-video-preview:-1"},"canonical":"https:\/\/planiphare.com\/index.php\/placements\/","og_locale":"fr_FR","og_type":"article","og_title":"Placements - Plani-Phare inc.","og_description":"L\u2019aspect fiscal est une composante importante du rendement de nos placements, ainsi notre strat\u00e9gie d\u2019investissement doit en tenir compte.","og_url":"https:\/\/planiphare.com\/index.php\/placements\/","og_site_name":"Plani-Phare inc.","article_modified_time":"2024-06-04T14:55:46+00:00","og_image":[{"url":"http:\/\/planiphare.fortedev.ca\/wp-content\/uploads\/2024\/04\/placements.jpg"}],"twitter_card":"summary_large_image","twitter_misc":{"Dur\u00e9e de lecture estim\u00e9e":"1 minute"},"schema":{"@context":"https:\/\/schema.org","@graph":[{"@type":"WebPage","@id":"https:\/\/planiphare.com\/index.php\/placements\/","url":"https:\/\/planiphare.com\/index.php\/placements\/","name":"Placements - Plani-Phare inc.","isPartOf":{"@id":"https:\/\/planiphare.com\/#website"},"primaryImageOfPage":{"@id":"https:\/\/planiphare.com\/index.php\/placements\/#primaryimage"},"image":{"@id":"https:\/\/planiphare.com\/index.php\/placements\/#primaryimage"},"thumbnailUrl":"http:\/\/planiphare.fortedev.ca\/wp-content\/uploads\/2024\/04\/placements.jpg","datePublished":"2024-04-19T18:01:24+00:00","dateModified":"2024-06-04T14:55:46+00:00","description":"L\u2019aspect fiscal est une composante importante du rendement de nos placements, ainsi notre strat\u00e9gie d\u2019investissement doit en tenir compte.","breadcrumb":{"@id":"https:\/\/planiphare.com\/index.php\/placements\/#breadcrumb"},"inLanguage":"fr-FR","potentialAction":[{"@type":"ReadAction","target":["https:\/\/planiphare.com\/index.php\/placements\/"]}]},{"@type":"ImageObject","inLanguage":"fr-FR","@id":"https:\/\/planiphare.com\/index.php\/placements\/#primaryimage","url":"http:\/\/planiphare.fortedev.ca\/wp-content\/uploads\/2024\/04\/placements.jpg","contentUrl":"http:\/\/planiphare.fortedev.ca\/wp-content\/uploads\/2024\/04\/placements.jpg"},{"@type":"BreadcrumbList","@id":"https:\/\/planiphare.com\/index.php\/placements\/#breadcrumb","itemListElement":[{"@type":"ListItem","position":1,"name":"Accueil","item":"https:\/\/planiphare.com\/"},{"@type":"ListItem","position":2,"name":"Placements"}]},{"@type":"WebSite","@id":"https:\/\/planiphare.com\/#website","url":"https:\/\/planiphare.com\/","name":"Plani-Phare inc.","description":"","publisher":{"@id":"https:\/\/planiphare.com\/#organization"},"potentialAction":[{"@type":"SearchAction","target":{"@type":"EntryPoint","urlTemplate":"https:\/\/planiphare.com\/?s={search_term_string}"},"query-input":"required name=search_term_string"}],"inLanguage":"fr-FR"},{"@type":"Organization","@id":"https:\/\/planiphare.com\/#organization","name":"Plani-Phare inc.","url":"https:\/\/planiphare.com\/","logo":{"@type":"ImageObject","inLanguage":"fr-FR","@id":"https:\/\/planiphare.com\/#\/schema\/logo\/image\/","url":"https:\/\/planiphare.com\/wp-content\/uploads\/2024\/04\/logo-plani-phare-new.png","contentUrl":"https:\/\/planiphare.com\/wp-content\/uploads\/2024\/04\/logo-plani-phare-new.png","width":580,"height":151,"caption":"Plani-Phare inc."},"image":{"@id":"https:\/\/planiphare.com\/#\/schema\/logo\/image\/"}}]}},"_links":{"self":[{"href":"https:\/\/planiphare.com\/index.php\/wp-json\/wp\/v2\/pages\/205"}],"collection":[{"href":"https:\/\/planiphare.com\/index.php\/wp-json\/wp\/v2\/pages"}],"about":[{"href":"https:\/\/planiphare.com\/index.php\/wp-json\/wp\/v2\/types\/page"}],"author":[{"embeddable":true,"href":"https:\/\/planiphare.com\/index.php\/wp-json\/wp\/v2\/users\/1"}],"replies":[{"embeddable":true,"href":"https:\/\/planiphare.com\/index.php\/wp-json\/wp\/v2\/comments?post=205"}],"version-history":[{"count":16,"href":"https:\/\/planiphare.com\/index.php\/wp-json\/wp\/v2\/pages\/205\/revisions"}],"predecessor-version":[{"id":550,"href":"https:\/\/planiphare.com\/index.php\/wp-json\/wp\/v2\/pages\/205\/revisions\/550"}],"wp:attachment":[{"href":"https:\/\/planiphare.com\/index.php\/wp-json\/wp\/v2\/media?parent=205"}],"curies":[{"name":"wp","href":"https:\/\/api.w.org\/{rel}","templated":true}]}}