{"id":199,"date":"2024-04-19T18:00:43","date_gmt":"2024-04-19T18:00:43","guid":{"rendered":"https:\/\/planiphare.fortedev.ca\/?page_id=199"},"modified":"2024-06-04T15:04:09","modified_gmt":"2024-06-04T15:04:09","slug":"succession","status":"publish","type":"page","link":"https:\/\/planiphare.com\/index.php\/succession\/","title":{"rendered":"Succession"},"content":{"rendered":"\t\t<div data-elementor-type=\"wp-page\" data-elementor-id=\"199\" class=\"elementor elementor-199\" data-elementor-post-type=\"page\">\n\t\t\t\t<div class=\"elementor-element elementor-element-720abaea e-con-full e-flex e-con e-parent\" data-id=\"720abaea\" data-element_type=\"container\">\n\t\t\t\t<div class=\"elementor-element elementor-element-7445ece2 elementor-widget elementor-widget-image\" data-id=\"7445ece2\" data-element_type=\"widget\" data-widget_type=\"image.default\">\n\t\t\t\t<div class=\"elementor-widget-container\">\n\t\t\t<style>\/*! elementor - v3.21.0 - 08-05-2024 *\/\n.elementor-widget-image{text-align:center}.elementor-widget-image a{display:inline-block}.elementor-widget-image a img[src$=\".svg\"]{width:48px}.elementor-widget-image img{vertical-align:middle;display:inline-block}<\/style>\t\t\t\t\t\t\t\t\t\t<img fetchpriority=\"high\" decoding=\"async\" width=\"2000\" height=\"375\" src=\"https:\/\/planiphare.com\/wp-content\/uploads\/2024\/05\/sucession-plani-phare-copy.jpg\" class=\"attachment-full size-full wp-image-600\" alt=\"\" srcset=\"https:\/\/planiphare.com\/wp-content\/uploads\/2024\/05\/sucession-plani-phare-copy.jpg 2000w, https:\/\/planiphare.com\/wp-content\/uploads\/2024\/05\/sucession-plani-phare-copy-300x56.jpg 300w, https:\/\/planiphare.com\/wp-content\/uploads\/2024\/05\/sucession-plani-phare-copy-1024x192.jpg 1024w, https:\/\/planiphare.com\/wp-content\/uploads\/2024\/05\/sucession-plani-phare-copy-768x144.jpg 768w, https:\/\/planiphare.com\/wp-content\/uploads\/2024\/05\/sucession-plani-phare-copy-1536x288.jpg 1536w\" sizes=\"(max-width: 2000px) 100vw, 2000px\" \/>\t\t\t\t\t\t\t\t\t\t\t\t\t<\/div>\n\t\t\t\t<\/div>\n\t\t\t\t<\/div>\n\t\t<div class=\"elementor-element elementor-element-3429a2b7 e-flex e-con-boxed e-con e-parent\" data-id=\"3429a2b7\" data-element_type=\"container\">\n\t\t\t\t\t<div class=\"e-con-inner\">\n\t\t\t\t<div class=\"elementor-element elementor-element-487ac61f elementor-widget elementor-widget-heading\" data-id=\"487ac61f\" data-element_type=\"widget\" data-widget_type=\"heading.default\">\n\t\t\t\t<div class=\"elementor-widget-container\">\n\t\t\t<style>\/*! elementor - v3.21.0 - 08-05-2024 *\/\n.elementor-heading-title{padding:0;margin:0;line-height:1}.elementor-widget-heading .elementor-heading-title[class*=elementor-size-]>a{color:inherit;font-size:inherit;line-height:inherit}.elementor-widget-heading .elementor-heading-title.elementor-size-small{font-size:15px}.elementor-widget-heading .elementor-heading-title.elementor-size-medium{font-size:19px}.elementor-widget-heading .elementor-heading-title.elementor-size-large{font-size:29px}.elementor-widget-heading .elementor-heading-title.elementor-size-xl{font-size:39px}.elementor-widget-heading .elementor-heading-title.elementor-size-xxl{font-size:59px}<\/style><h1 class=\"elementor-heading-title elementor-size-default\">Succession<\/h1>\t\t<\/div>\n\t\t\t\t<\/div>\n\t\t\t\t<div class=\"elementor-element elementor-element-3fcd9d05 elementor-widget elementor-widget-text-editor\" data-id=\"3fcd9d05\" data-element_type=\"widget\" data-widget_type=\"text-editor.default\">\n\t\t\t\t<div class=\"elementor-widget-container\">\n\t\t\t<style>\/*! elementor - v3.21.0 - 08-05-2024 *\/\n.elementor-widget-text-editor.elementor-drop-cap-view-stacked .elementor-drop-cap{background-color:#69727d;color:#fff}.elementor-widget-text-editor.elementor-drop-cap-view-framed .elementor-drop-cap{color:#69727d;border:3px solid;background-color:transparent}.elementor-widget-text-editor:not(.elementor-drop-cap-view-default) .elementor-drop-cap{margin-top:8px}.elementor-widget-text-editor:not(.elementor-drop-cap-view-default) .elementor-drop-cap-letter{width:1em;height:1em}.elementor-widget-text-editor .elementor-drop-cap{float:left;text-align:center;line-height:1;font-size:50px}.elementor-widget-text-editor .elementor-drop-cap-letter{display:inline-block}<\/style>\t\t\t\t<p>Nos responsabilit\u00e9s ne disparaissent pas au moment d&rsquo;un d\u00e9c\u00e8s. L&rsquo;on doit en mesurer l&rsquo;importance, prot\u00e9ger notre famille, notre patrimoine et faire conna\u00eetre nos volont\u00e9s.<\/p><p><strong>Le planificateur financier:<\/strong><\/p><ul><li><p>Participe \u00e0 la planification successorale du client et la coordonne<\/p><\/li><li><p>\u00c9tablit ses objectifs successoraux<\/p><\/li><li><p>Diagnostique sa situation successorale<\/p><\/li><li><p>\u00c9value, en collaboration avec un sp\u00e9cialiste externe collaborant avec Plani-Phare inc., si les documents juridiques actuels correspondent \u00e0 ses objectifs successoraux<\/p><\/li><li><p>\u00c9tablit des strat\u00e9gies de planification successorale visant \u00e0 concr\u00e9tiser ses objectifs<\/p><\/li><li><p>\u00c9tablit des strat\u00e9gies de planification post-mortem permettant de maximiser la valeur nette de sa succession<\/p><\/li><li><p>Aide le client pour les d\u00e9marches \u00e0 suivre suite aux recommandations (n\u00e9gociation, v\u00e9rification du march\u00e9, transaction)<\/p><\/li><li><p>Suit l&rsquo;\u00e9volution de sa situation successorale<\/p><\/li><\/ul>\t\t\t\t\t\t<\/div>\n\t\t\t\t<\/div>\n\t\t\t\t\t<\/div>\n\t\t\t\t<\/div>\n\t\t\t\t<\/div>\n\t\t","protected":false},"excerpt":{"rendered":"<p>Succession Nos responsabilit\u00e9s ne disparaissent pas au moment d&rsquo;un d\u00e9c\u00e8s. L&rsquo;on doit en mesurer l&rsquo;importance, prot\u00e9ger notre famille, notre patrimoine et faire conna\u00eetre nos volont\u00e9s. Le planificateur financier: Participe \u00e0 la planification successorale du client et la coordonne \u00c9tablit ses objectifs successoraux Diagnostique sa situation successorale \u00c9value, en collaboration avec un sp\u00e9cialiste externe collaborant avec [&hellip;]<\/p>\n","protected":false},"author":1,"featured_media":0,"parent":0,"menu_order":0,"comment_status":"closed","ping_status":"closed","template":"","meta":{"footnotes":""},"yoast_head":"<!-- This site is optimized with the Yoast SEO plugin v22.8 - https:\/\/yoast.com\/wordpress\/plugins\/seo\/ -->\n<title>Succession - Plani-Phare inc.<\/title>\n<meta name=\"description\" content=\"Nos responsabilit\u00e9s ne disparaissent pas au moment d\u2019un d\u00e9c\u00e8s. Prot\u00e9ger notre famille, notre patrimoine et faire conna\u00eetre nos volont\u00e9s.\" \/>\n<meta name=\"robots\" content=\"index, follow, max-snippet:-1, max-image-preview:large, max-video-preview:-1\" \/>\n<link rel=\"canonical\" href=\"https:\/\/planiphare.com\/index.php\/succession\/\" \/>\n<meta property=\"og:locale\" content=\"fr_FR\" \/>\n<meta property=\"og:type\" content=\"article\" \/>\n<meta property=\"og:title\" content=\"Succession - Plani-Phare inc.\" \/>\n<meta property=\"og:description\" content=\"Nos responsabilit\u00e9s ne disparaissent pas au moment d\u2019un d\u00e9c\u00e8s. Prot\u00e9ger notre famille, notre patrimoine et faire conna\u00eetre nos volont\u00e9s.\" \/>\n<meta property=\"og:url\" content=\"https:\/\/planiphare.com\/index.php\/succession\/\" \/>\n<meta property=\"og:site_name\" content=\"Plani-Phare inc.\" \/>\n<meta property=\"article:modified_time\" content=\"2024-06-04T15:04:09+00:00\" \/>\n<meta property=\"og:image\" content=\"http:\/\/planiphare.fortedev.ca\/wp-content\/uploads\/2024\/05\/sucession-plani-phare-copy.jpg\" \/>\n<meta name=\"twitter:card\" content=\"summary_large_image\" \/>\n<meta name=\"twitter:label1\" content=\"Dur\u00e9e de lecture estim\u00e9e\" \/>\n\t<meta name=\"twitter:data1\" content=\"1 minute\" \/>\n<script type=\"application\/ld+json\" class=\"yoast-schema-graph\">{\"@context\":\"https:\/\/schema.org\",\"@graph\":[{\"@type\":\"WebPage\",\"@id\":\"https:\/\/planiphare.com\/index.php\/succession\/\",\"url\":\"https:\/\/planiphare.com\/index.php\/succession\/\",\"name\":\"Succession - Plani-Phare inc.\",\"isPartOf\":{\"@id\":\"https:\/\/planiphare.com\/#website\"},\"primaryImageOfPage\":{\"@id\":\"https:\/\/planiphare.com\/index.php\/succession\/#primaryimage\"},\"image\":{\"@id\":\"https:\/\/planiphare.com\/index.php\/succession\/#primaryimage\"},\"thumbnailUrl\":\"http:\/\/planiphare.fortedev.ca\/wp-content\/uploads\/2024\/05\/sucession-plani-phare-copy.jpg\",\"datePublished\":\"2024-04-19T18:00:43+00:00\",\"dateModified\":\"2024-06-04T15:04:09+00:00\",\"description\":\"Nos responsabilit\u00e9s ne disparaissent pas au moment d\u2019un d\u00e9c\u00e8s. Prot\u00e9ger notre famille, notre patrimoine et faire conna\u00eetre nos volont\u00e9s.\",\"breadcrumb\":{\"@id\":\"https:\/\/planiphare.com\/index.php\/succession\/#breadcrumb\"},\"inLanguage\":\"fr-FR\",\"potentialAction\":[{\"@type\":\"ReadAction\",\"target\":[\"https:\/\/planiphare.com\/index.php\/succession\/\"]}]},{\"@type\":\"ImageObject\",\"inLanguage\":\"fr-FR\",\"@id\":\"https:\/\/planiphare.com\/index.php\/succession\/#primaryimage\",\"url\":\"http:\/\/planiphare.fortedev.ca\/wp-content\/uploads\/2024\/05\/sucession-plani-phare-copy.jpg\",\"contentUrl\":\"http:\/\/planiphare.fortedev.ca\/wp-content\/uploads\/2024\/05\/sucession-plani-phare-copy.jpg\"},{\"@type\":\"BreadcrumbList\",\"@id\":\"https:\/\/planiphare.com\/index.php\/succession\/#breadcrumb\",\"itemListElement\":[{\"@type\":\"ListItem\",\"position\":1,\"name\":\"Accueil\",\"item\":\"https:\/\/planiphare.com\/\"},{\"@type\":\"ListItem\",\"position\":2,\"name\":\"Succession\"}]},{\"@type\":\"WebSite\",\"@id\":\"https:\/\/planiphare.com\/#website\",\"url\":\"https:\/\/planiphare.com\/\",\"name\":\"Plani-Phare inc.\",\"description\":\"\",\"publisher\":{\"@id\":\"https:\/\/planiphare.com\/#organization\"},\"potentialAction\":[{\"@type\":\"SearchAction\",\"target\":{\"@type\":\"EntryPoint\",\"urlTemplate\":\"https:\/\/planiphare.com\/?s={search_term_string}\"},\"query-input\":\"required name=search_term_string\"}],\"inLanguage\":\"fr-FR\"},{\"@type\":\"Organization\",\"@id\":\"https:\/\/planiphare.com\/#organization\",\"name\":\"Plani-Phare inc.\",\"url\":\"https:\/\/planiphare.com\/\",\"logo\":{\"@type\":\"ImageObject\",\"inLanguage\":\"fr-FR\",\"@id\":\"https:\/\/planiphare.com\/#\/schema\/logo\/image\/\",\"url\":\"https:\/\/planiphare.com\/wp-content\/uploads\/2024\/04\/logo-plani-phare-new.png\",\"contentUrl\":\"https:\/\/planiphare.com\/wp-content\/uploads\/2024\/04\/logo-plani-phare-new.png\",\"width\":580,\"height\":151,\"caption\":\"Plani-Phare inc.\"},\"image\":{\"@id\":\"https:\/\/planiphare.com\/#\/schema\/logo\/image\/\"}}]}<\/script>\n<!-- \/ Yoast SEO plugin. -->","yoast_head_json":{"title":"Succession - Plani-Phare inc.","description":"Nos responsabilit\u00e9s ne disparaissent pas au moment d\u2019un d\u00e9c\u00e8s. Prot\u00e9ger notre famille, notre patrimoine et faire conna\u00eetre nos volont\u00e9s.","robots":{"index":"index","follow":"follow","max-snippet":"max-snippet:-1","max-image-preview":"max-image-preview:large","max-video-preview":"max-video-preview:-1"},"canonical":"https:\/\/planiphare.com\/index.php\/succession\/","og_locale":"fr_FR","og_type":"article","og_title":"Succession - Plani-Phare inc.","og_description":"Nos responsabilit\u00e9s ne disparaissent pas au moment d\u2019un d\u00e9c\u00e8s. Prot\u00e9ger notre famille, notre patrimoine et faire conna\u00eetre nos volont\u00e9s.","og_url":"https:\/\/planiphare.com\/index.php\/succession\/","og_site_name":"Plani-Phare inc.","article_modified_time":"2024-06-04T15:04:09+00:00","og_image":[{"url":"http:\/\/planiphare.fortedev.ca\/wp-content\/uploads\/2024\/05\/sucession-plani-phare-copy.jpg"}],"twitter_card":"summary_large_image","twitter_misc":{"Dur\u00e9e de lecture estim\u00e9e":"1 minute"},"schema":{"@context":"https:\/\/schema.org","@graph":[{"@type":"WebPage","@id":"https:\/\/planiphare.com\/index.php\/succession\/","url":"https:\/\/planiphare.com\/index.php\/succession\/","name":"Succession - Plani-Phare inc.","isPartOf":{"@id":"https:\/\/planiphare.com\/#website"},"primaryImageOfPage":{"@id":"https:\/\/planiphare.com\/index.php\/succession\/#primaryimage"},"image":{"@id":"https:\/\/planiphare.com\/index.php\/succession\/#primaryimage"},"thumbnailUrl":"http:\/\/planiphare.fortedev.ca\/wp-content\/uploads\/2024\/05\/sucession-plani-phare-copy.jpg","datePublished":"2024-04-19T18:00:43+00:00","dateModified":"2024-06-04T15:04:09+00:00","description":"Nos responsabilit\u00e9s ne disparaissent pas au moment d\u2019un d\u00e9c\u00e8s. Prot\u00e9ger notre famille, notre patrimoine et faire conna\u00eetre nos volont\u00e9s.","breadcrumb":{"@id":"https:\/\/planiphare.com\/index.php\/succession\/#breadcrumb"},"inLanguage":"fr-FR","potentialAction":[{"@type":"ReadAction","target":["https:\/\/planiphare.com\/index.php\/succession\/"]}]},{"@type":"ImageObject","inLanguage":"fr-FR","@id":"https:\/\/planiphare.com\/index.php\/succession\/#primaryimage","url":"http:\/\/planiphare.fortedev.ca\/wp-content\/uploads\/2024\/05\/sucession-plani-phare-copy.jpg","contentUrl":"http:\/\/planiphare.fortedev.ca\/wp-content\/uploads\/2024\/05\/sucession-plani-phare-copy.jpg"},{"@type":"BreadcrumbList","@id":"https:\/\/planiphare.com\/index.php\/succession\/#breadcrumb","itemListElement":[{"@type":"ListItem","position":1,"name":"Accueil","item":"https:\/\/planiphare.com\/"},{"@type":"ListItem","position":2,"name":"Succession"}]},{"@type":"WebSite","@id":"https:\/\/planiphare.com\/#website","url":"https:\/\/planiphare.com\/","name":"Plani-Phare inc.","description":"","publisher":{"@id":"https:\/\/planiphare.com\/#organization"},"potentialAction":[{"@type":"SearchAction","target":{"@type":"EntryPoint","urlTemplate":"https:\/\/planiphare.com\/?s={search_term_string}"},"query-input":"required name=search_term_string"}],"inLanguage":"fr-FR"},{"@type":"Organization","@id":"https:\/\/planiphare.com\/#organization","name":"Plani-Phare inc.","url":"https:\/\/planiphare.com\/","logo":{"@type":"ImageObject","inLanguage":"fr-FR","@id":"https:\/\/planiphare.com\/#\/schema\/logo\/image\/","url":"https:\/\/planiphare.com\/wp-content\/uploads\/2024\/04\/logo-plani-phare-new.png","contentUrl":"https:\/\/planiphare.com\/wp-content\/uploads\/2024\/04\/logo-plani-phare-new.png","width":580,"height":151,"caption":"Plani-Phare inc."},"image":{"@id":"https:\/\/planiphare.com\/#\/schema\/logo\/image\/"}}]}},"_links":{"self":[{"href":"https:\/\/planiphare.com\/index.php\/wp-json\/wp\/v2\/pages\/199"}],"collection":[{"href":"https:\/\/planiphare.com\/index.php\/wp-json\/wp\/v2\/pages"}],"about":[{"href":"https:\/\/planiphare.com\/index.php\/wp-json\/wp\/v2\/types\/page"}],"author":[{"embeddable":true,"href":"https:\/\/planiphare.com\/index.php\/wp-json\/wp\/v2\/users\/1"}],"replies":[{"embeddable":true,"href":"https:\/\/planiphare.com\/index.php\/wp-json\/wp\/v2\/comments?post=199"}],"version-history":[{"count":25,"href":"https:\/\/planiphare.com\/index.php\/wp-json\/wp\/v2\/pages\/199\/revisions"}],"predecessor-version":[{"id":603,"href":"https:\/\/planiphare.com\/index.php\/wp-json\/wp\/v2\/pages\/199\/revisions\/603"}],"wp:attachment":[{"href":"https:\/\/planiphare.com\/index.php\/wp-json\/wp\/v2\/media?parent=199"}],"curies":[{"name":"wp","href":"https:\/\/api.w.org\/{rel}","templated":true}]}}