{"id":193,"date":"2024-04-19T17:59:49","date_gmt":"2024-04-19T17:59:49","guid":{"rendered":"https:\/\/planiphare.fortedev.ca\/?page_id=193"},"modified":"2024-06-04T14:57:59","modified_gmt":"2024-06-04T14:57:59","slug":"retraite","status":"publish","type":"page","link":"https:\/\/planiphare.com\/index.php\/retraite\/","title":{"rendered":"Retraite"},"content":{"rendered":"\t\t<div data-elementor-type=\"wp-page\" data-elementor-id=\"193\" class=\"elementor elementor-193\" data-elementor-post-type=\"page\">\n\t\t\t\t<div class=\"elementor-element elementor-element-16c0ee6b e-con-full e-flex e-con e-parent\" data-id=\"16c0ee6b\" data-element_type=\"container\">\n\t\t\t\t<div class=\"elementor-element elementor-element-68579680 elementor-widget elementor-widget-image\" data-id=\"68579680\" data-element_type=\"widget\" data-widget_type=\"image.default\">\n\t\t\t\t<div class=\"elementor-widget-container\">\n\t\t\t<style>\/*! elementor - v3.21.0 - 08-05-2024 *\/\n.elementor-widget-image{text-align:center}.elementor-widget-image a{display:inline-block}.elementor-widget-image a img[src$=\".svg\"]{width:48px}.elementor-widget-image img{vertical-align:middle;display:inline-block}<\/style>\t\t\t\t\t\t\t\t\t\t<img fetchpriority=\"high\" decoding=\"async\" width=\"2000\" height=\"375\" src=\"https:\/\/planiphare.com\/wp-content\/uploads\/2024\/05\/retraite-plani-phare.jpg\" class=\"attachment-full size-full wp-image-595\" alt=\"\" srcset=\"https:\/\/planiphare.com\/wp-content\/uploads\/2024\/05\/retraite-plani-phare.jpg 2000w, https:\/\/planiphare.com\/wp-content\/uploads\/2024\/05\/retraite-plani-phare-300x56.jpg 300w, https:\/\/planiphare.com\/wp-content\/uploads\/2024\/05\/retraite-plani-phare-1024x192.jpg 1024w, https:\/\/planiphare.com\/wp-content\/uploads\/2024\/05\/retraite-plani-phare-768x144.jpg 768w, https:\/\/planiphare.com\/wp-content\/uploads\/2024\/05\/retraite-plani-phare-1536x288.jpg 1536w\" sizes=\"(max-width: 2000px) 100vw, 2000px\" \/>\t\t\t\t\t\t\t\t\t\t\t\t\t<\/div>\n\t\t\t\t<\/div>\n\t\t\t\t<\/div>\n\t\t<div class=\"elementor-element elementor-element-2ccdafa3 e-flex e-con-boxed e-con e-parent\" data-id=\"2ccdafa3\" data-element_type=\"container\">\n\t\t\t\t\t<div class=\"e-con-inner\">\n\t\t\t\t<div class=\"elementor-element elementor-element-5cf192c8 elementor-widget elementor-widget-heading\" data-id=\"5cf192c8\" data-element_type=\"widget\" data-widget_type=\"heading.default\">\n\t\t\t\t<div class=\"elementor-widget-container\">\n\t\t\t<style>\/*! elementor - v3.21.0 - 08-05-2024 *\/\n.elementor-heading-title{padding:0;margin:0;line-height:1}.elementor-widget-heading .elementor-heading-title[class*=elementor-size-]>a{color:inherit;font-size:inherit;line-height:inherit}.elementor-widget-heading .elementor-heading-title.elementor-size-small{font-size:15px}.elementor-widget-heading .elementor-heading-title.elementor-size-medium{font-size:19px}.elementor-widget-heading .elementor-heading-title.elementor-size-large{font-size:29px}.elementor-widget-heading .elementor-heading-title.elementor-size-xl{font-size:39px}.elementor-widget-heading .elementor-heading-title.elementor-size-xxl{font-size:59px}<\/style><h1 class=\"elementor-heading-title elementor-size-default\">Retraite<\/h1>\t\t<\/div>\n\t\t\t\t<\/div>\n\t\t\t\t<div class=\"elementor-element elementor-element-3437a4ca elementor-widget elementor-widget-text-editor\" data-id=\"3437a4ca\" data-element_type=\"widget\" data-widget_type=\"text-editor.default\">\n\t\t\t\t<div class=\"elementor-widget-container\">\n\t\t\t<style>\/*! elementor - v3.21.0 - 08-05-2024 *\/\n.elementor-widget-text-editor.elementor-drop-cap-view-stacked .elementor-drop-cap{background-color:#69727d;color:#fff}.elementor-widget-text-editor.elementor-drop-cap-view-framed .elementor-drop-cap{color:#69727d;border:3px solid;background-color:transparent}.elementor-widget-text-editor:not(.elementor-drop-cap-view-default) .elementor-drop-cap{margin-top:8px}.elementor-widget-text-editor:not(.elementor-drop-cap-view-default) .elementor-drop-cap-letter{width:1em;height:1em}.elementor-widget-text-editor .elementor-drop-cap{float:left;text-align:center;line-height:1;font-size:50px}.elementor-widget-text-editor .elementor-drop-cap-letter{display:inline-block}<\/style>\t\t\t\t<p>La retraite semble lointaine et proche \u00e0 la fois, mais les ann\u00e9es passent vite. La pr\u00e9paration de notre s\u00e9curit\u00e9 financi\u00e8re \u00e0 cette p\u00e9riode de notre vie doit \u00eatre envisag\u00e9e en tenant compte de l&rsquo;inflation (pouvoir d&rsquo;achat), de la fiscalit\u00e9, de la sant\u00e9, etc.<\/p><p><strong>Le planificateur financier:<\/strong><\/p><ul><li><p>\u00c9tablit les besoins et les objectifs de retraite du client<\/p><\/li><li><p>Confirme les programmes sociaux et r\u00e9gimes de retraite auxquels le client a acc\u00e8s<\/p><\/li><li><p>D\u00e9finit son profil d&rsquo;investisseur et d\u00e9termine sa tol\u00e9rance au risque<\/p><\/li><li><p>D\u00e9termine l&rsquo;\u00e9pargne requise pour atteindre ses objectifs de retraite<\/p><\/li><li><p>\u00c9tablit des strat\u00e9gies d&rsquo;accumulation en vue de sa retraite<\/p><\/li><li><p>\u00c9tablit des strat\u00e9gies d&rsquo;utilisation de son capital de retraite<\/p><\/li><li><p>Effectue une mise \u00e0 jour de sa strat\u00e9gie de retrait<\/p><\/li><\/ul>\t\t\t\t\t\t<\/div>\n\t\t\t\t<\/div>\n\t\t\t\t\t<\/div>\n\t\t\t\t<\/div>\n\t\t\t\t<\/div>\n\t\t","protected":false},"excerpt":{"rendered":"<p>Retraite La retraite semble lointaine et proche \u00e0 la fois, mais les ann\u00e9es passent vite. La pr\u00e9paration de notre s\u00e9curit\u00e9 financi\u00e8re \u00e0 cette p\u00e9riode de notre vie doit \u00eatre envisag\u00e9e en tenant compte de l&rsquo;inflation (pouvoir d&rsquo;achat), de la fiscalit\u00e9, de la sant\u00e9, etc. Le planificateur financier: \u00c9tablit les besoins et les objectifs de retraite [&hellip;]<\/p>\n","protected":false},"author":1,"featured_media":0,"parent":0,"menu_order":0,"comment_status":"closed","ping_status":"closed","template":"","meta":{"footnotes":""},"yoast_head":"<!-- This site is optimized with the Yoast SEO plugin v22.8 - https:\/\/yoast.com\/wordpress\/plugins\/seo\/ -->\n<title>Retraite - Plani-Phare inc.<\/title>\n<meta name=\"description\" content=\"La pr\u00e9paration de notre s\u00e9curit\u00e9 financi\u00e8re pour la retraite doit \u00eatre envisag\u00e9e en tenant compte de l\u2019inflation et de la fiscalit\u00e9.\" \/>\n<meta name=\"robots\" content=\"index, follow, max-snippet:-1, max-image-preview:large, max-video-preview:-1\" \/>\n<link rel=\"canonical\" href=\"https:\/\/planiphare.com\/index.php\/retraite\/\" \/>\n<meta property=\"og:locale\" content=\"fr_FR\" \/>\n<meta property=\"og:type\" content=\"article\" \/>\n<meta property=\"og:title\" content=\"Retraite - Plani-Phare inc.\" \/>\n<meta property=\"og:description\" content=\"La pr\u00e9paration de notre s\u00e9curit\u00e9 financi\u00e8re pour la retraite doit \u00eatre envisag\u00e9e en tenant compte de l\u2019inflation et de la fiscalit\u00e9.\" \/>\n<meta property=\"og:url\" content=\"https:\/\/planiphare.com\/index.php\/retraite\/\" \/>\n<meta property=\"og:site_name\" content=\"Plani-Phare inc.\" \/>\n<meta property=\"article:modified_time\" content=\"2024-06-04T14:57:59+00:00\" \/>\n<meta property=\"og:image\" content=\"http:\/\/planiphare.fortedev.ca\/wp-content\/uploads\/2024\/05\/retraite-plani-phare.jpg\" \/>\n<meta name=\"twitter:card\" content=\"summary_large_image\" \/>\n<meta name=\"twitter:label1\" content=\"Dur\u00e9e de lecture estim\u00e9e\" \/>\n\t<meta name=\"twitter:data1\" content=\"1 minute\" \/>\n<script type=\"application\/ld+json\" class=\"yoast-schema-graph\">{\"@context\":\"https:\/\/schema.org\",\"@graph\":[{\"@type\":\"WebPage\",\"@id\":\"https:\/\/planiphare.com\/index.php\/retraite\/\",\"url\":\"https:\/\/planiphare.com\/index.php\/retraite\/\",\"name\":\"Retraite - Plani-Phare inc.\",\"isPartOf\":{\"@id\":\"https:\/\/planiphare.com\/#website\"},\"primaryImageOfPage\":{\"@id\":\"https:\/\/planiphare.com\/index.php\/retraite\/#primaryimage\"},\"image\":{\"@id\":\"https:\/\/planiphare.com\/index.php\/retraite\/#primaryimage\"},\"thumbnailUrl\":\"http:\/\/planiphare.fortedev.ca\/wp-content\/uploads\/2024\/05\/retraite-plani-phare.jpg\",\"datePublished\":\"2024-04-19T17:59:49+00:00\",\"dateModified\":\"2024-06-04T14:57:59+00:00\",\"description\":\"La pr\u00e9paration de notre s\u00e9curit\u00e9 financi\u00e8re pour la retraite doit \u00eatre envisag\u00e9e en tenant compte de l\u2019inflation et de la fiscalit\u00e9.\",\"breadcrumb\":{\"@id\":\"https:\/\/planiphare.com\/index.php\/retraite\/#breadcrumb\"},\"inLanguage\":\"fr-FR\",\"potentialAction\":[{\"@type\":\"ReadAction\",\"target\":[\"https:\/\/planiphare.com\/index.php\/retraite\/\"]}]},{\"@type\":\"ImageObject\",\"inLanguage\":\"fr-FR\",\"@id\":\"https:\/\/planiphare.com\/index.php\/retraite\/#primaryimage\",\"url\":\"http:\/\/planiphare.fortedev.ca\/wp-content\/uploads\/2024\/05\/retraite-plani-phare.jpg\",\"contentUrl\":\"http:\/\/planiphare.fortedev.ca\/wp-content\/uploads\/2024\/05\/retraite-plani-phare.jpg\"},{\"@type\":\"BreadcrumbList\",\"@id\":\"https:\/\/planiphare.com\/index.php\/retraite\/#breadcrumb\",\"itemListElement\":[{\"@type\":\"ListItem\",\"position\":1,\"name\":\"Accueil\",\"item\":\"https:\/\/planiphare.com\/\"},{\"@type\":\"ListItem\",\"position\":2,\"name\":\"Retraite\"}]},{\"@type\":\"WebSite\",\"@id\":\"https:\/\/planiphare.com\/#website\",\"url\":\"https:\/\/planiphare.com\/\",\"name\":\"Plani-Phare inc.\",\"description\":\"\",\"publisher\":{\"@id\":\"https:\/\/planiphare.com\/#organization\"},\"potentialAction\":[{\"@type\":\"SearchAction\",\"target\":{\"@type\":\"EntryPoint\",\"urlTemplate\":\"https:\/\/planiphare.com\/?s={search_term_string}\"},\"query-input\":\"required name=search_term_string\"}],\"inLanguage\":\"fr-FR\"},{\"@type\":\"Organization\",\"@id\":\"https:\/\/planiphare.com\/#organization\",\"name\":\"Plani-Phare inc.\",\"url\":\"https:\/\/planiphare.com\/\",\"logo\":{\"@type\":\"ImageObject\",\"inLanguage\":\"fr-FR\",\"@id\":\"https:\/\/planiphare.com\/#\/schema\/logo\/image\/\",\"url\":\"https:\/\/planiphare.com\/wp-content\/uploads\/2024\/04\/logo-plani-phare-new.png\",\"contentUrl\":\"https:\/\/planiphare.com\/wp-content\/uploads\/2024\/04\/logo-plani-phare-new.png\",\"width\":580,\"height\":151,\"caption\":\"Plani-Phare inc.\"},\"image\":{\"@id\":\"https:\/\/planiphare.com\/#\/schema\/logo\/image\/\"}}]}<\/script>\n<!-- \/ Yoast SEO plugin. -->","yoast_head_json":{"title":"Retraite - Plani-Phare inc.","description":"La pr\u00e9paration de notre s\u00e9curit\u00e9 financi\u00e8re pour la retraite doit \u00eatre envisag\u00e9e en tenant compte de l\u2019inflation et de la fiscalit\u00e9.","robots":{"index":"index","follow":"follow","max-snippet":"max-snippet:-1","max-image-preview":"max-image-preview:large","max-video-preview":"max-video-preview:-1"},"canonical":"https:\/\/planiphare.com\/index.php\/retraite\/","og_locale":"fr_FR","og_type":"article","og_title":"Retraite - Plani-Phare inc.","og_description":"La pr\u00e9paration de notre s\u00e9curit\u00e9 financi\u00e8re pour la retraite doit \u00eatre envisag\u00e9e en tenant compte de l\u2019inflation et de la fiscalit\u00e9.","og_url":"https:\/\/planiphare.com\/index.php\/retraite\/","og_site_name":"Plani-Phare inc.","article_modified_time":"2024-06-04T14:57:59+00:00","og_image":[{"url":"http:\/\/planiphare.fortedev.ca\/wp-content\/uploads\/2024\/05\/retraite-plani-phare.jpg"}],"twitter_card":"summary_large_image","twitter_misc":{"Dur\u00e9e de lecture estim\u00e9e":"1 minute"},"schema":{"@context":"https:\/\/schema.org","@graph":[{"@type":"WebPage","@id":"https:\/\/planiphare.com\/index.php\/retraite\/","url":"https:\/\/planiphare.com\/index.php\/retraite\/","name":"Retraite - Plani-Phare inc.","isPartOf":{"@id":"https:\/\/planiphare.com\/#website"},"primaryImageOfPage":{"@id":"https:\/\/planiphare.com\/index.php\/retraite\/#primaryimage"},"image":{"@id":"https:\/\/planiphare.com\/index.php\/retraite\/#primaryimage"},"thumbnailUrl":"http:\/\/planiphare.fortedev.ca\/wp-content\/uploads\/2024\/05\/retraite-plani-phare.jpg","datePublished":"2024-04-19T17:59:49+00:00","dateModified":"2024-06-04T14:57:59+00:00","description":"La pr\u00e9paration de notre s\u00e9curit\u00e9 financi\u00e8re pour la retraite doit \u00eatre envisag\u00e9e en tenant compte de l\u2019inflation et de la fiscalit\u00e9.","breadcrumb":{"@id":"https:\/\/planiphare.com\/index.php\/retraite\/#breadcrumb"},"inLanguage":"fr-FR","potentialAction":[{"@type":"ReadAction","target":["https:\/\/planiphare.com\/index.php\/retraite\/"]}]},{"@type":"ImageObject","inLanguage":"fr-FR","@id":"https:\/\/planiphare.com\/index.php\/retraite\/#primaryimage","url":"http:\/\/planiphare.fortedev.ca\/wp-content\/uploads\/2024\/05\/retraite-plani-phare.jpg","contentUrl":"http:\/\/planiphare.fortedev.ca\/wp-content\/uploads\/2024\/05\/retraite-plani-phare.jpg"},{"@type":"BreadcrumbList","@id":"https:\/\/planiphare.com\/index.php\/retraite\/#breadcrumb","itemListElement":[{"@type":"ListItem","position":1,"name":"Accueil","item":"https:\/\/planiphare.com\/"},{"@type":"ListItem","position":2,"name":"Retraite"}]},{"@type":"WebSite","@id":"https:\/\/planiphare.com\/#website","url":"https:\/\/planiphare.com\/","name":"Plani-Phare inc.","description":"","publisher":{"@id":"https:\/\/planiphare.com\/#organization"},"potentialAction":[{"@type":"SearchAction","target":{"@type":"EntryPoint","urlTemplate":"https:\/\/planiphare.com\/?s={search_term_string}"},"query-input":"required name=search_term_string"}],"inLanguage":"fr-FR"},{"@type":"Organization","@id":"https:\/\/planiphare.com\/#organization","name":"Plani-Phare inc.","url":"https:\/\/planiphare.com\/","logo":{"@type":"ImageObject","inLanguage":"fr-FR","@id":"https:\/\/planiphare.com\/#\/schema\/logo\/image\/","url":"https:\/\/planiphare.com\/wp-content\/uploads\/2024\/04\/logo-plani-phare-new.png","contentUrl":"https:\/\/planiphare.com\/wp-content\/uploads\/2024\/04\/logo-plani-phare-new.png","width":580,"height":151,"caption":"Plani-Phare inc."},"image":{"@id":"https:\/\/planiphare.com\/#\/schema\/logo\/image\/"}}]}},"_links":{"self":[{"href":"https:\/\/planiphare.com\/index.php\/wp-json\/wp\/v2\/pages\/193"}],"collection":[{"href":"https:\/\/planiphare.com\/index.php\/wp-json\/wp\/v2\/pages"}],"about":[{"href":"https:\/\/planiphare.com\/index.php\/wp-json\/wp\/v2\/types\/page"}],"author":[{"embeddable":true,"href":"https:\/\/planiphare.com\/index.php\/wp-json\/wp\/v2\/users\/1"}],"replies":[{"embeddable":true,"href":"https:\/\/planiphare.com\/index.php\/wp-json\/wp\/v2\/comments?post=193"}],"version-history":[{"count":22,"href":"https:\/\/planiphare.com\/index.php\/wp-json\/wp\/v2\/pages\/193\/revisions"}],"predecessor-version":[{"id":598,"href":"https:\/\/planiphare.com\/index.php\/wp-json\/wp\/v2\/pages\/193\/revisions\/598"}],"wp:attachment":[{"href":"https:\/\/planiphare.com\/index.php\/wp-json\/wp\/v2\/media?parent=193"}],"curies":[{"name":"wp","href":"https:\/\/api.w.org\/{rel}","templated":true}]}}